{"id":3454,"date":"2015-07-16T09:12:44","date_gmt":"2015-07-16T09:12:44","guid":{"rendered":"http:\/\/test.kriesi.at\/minimal-portfolio\/?page_id=154"},"modified":"2026-01-05T06:10:58","modified_gmt":"2026-01-05T06:10:58","slug":"about","status":"publish","type":"page","link":"https:\/\/nilaplan-karlsruhe.de\/?page_id=3454","title":{"rendered":"Impressum"},"content":{"rendered":"\n<style type=\"text\/css\" data-created_by=\"avia_inline_auto\" id=\"style-css-av-145nae-6e5e252382151ee016ca82ad5fa04de3\">\n.avia-section.av-145nae-6e5e252382151ee016ca82ad5fa04de3{\nbackground-repeat:no-repeat;\nbackground-image:url(https:\/\/nilaplan-karlsruhe.de\/wp-content\/uploads\/2018\/05\/hero-skyscraper.jpg);\nbackground-position:50% 50%;\nbackground-attachment:scroll;\n}\n.avia-section.av-145nae-6e5e252382151ee016ca82ad5fa04de3 .av-section-color-overlay{\nopacity:0.6;\nbackground-color:#084a79;\n}\n<\/style>\n<div id='av_section_1'  class='avia-section av-145nae-6e5e252382151ee016ca82ad5fa04de3 main_color avia-section-default avia-no-border-styling  avia-builder-el-0  el_before_av_section  avia-builder-el-first  avia-full-stretch avia-bg-style-scroll av-section-color-overlay-active av-minimum-height av-minimum-height-custom  container_wrap fullsize'  data-section-bg-repeat='stretch' data-av_minimum_height_px='230'><div class=\"av-section-color-overlay-wrap\"><div class=\"av-section-color-overlay\"><\/div><div class='container av-section-cont-open' style='height:230px'><main  role=\"main\" itemprop=\"mainContentOfPage\"  class='template-page content  av-content-full alpha units'><div class='post-entry post-entry-type-page post-entry-3454'><div class='entry-content-wrapper clearfix'>\n\n<style type=\"text\/css\" data-created_by=\"avia_inline_auto\" id=\"style-css-av-jgf3pjem-ee2a691ebc0a9a100bc99d372a9c72ca\">\n#top .flex_column.av-jgf3pjem-ee2a691ebc0a9a100bc99d372a9c72ca{\nmargin-top:0px;\nmargin-bottom:0px;\n}\n.flex_column.av-jgf3pjem-ee2a691ebc0a9a100bc99d372a9c72ca{\n-webkit-border-radius:0px 0px 0px 0px;\n-moz-border-radius:0px 0px 0px 0px;\nborder-radius:0px 0px 0px 0px;\n}\n.responsive #top #wrap_all .flex_column.av-jgf3pjem-ee2a691ebc0a9a100bc99d372a9c72ca{\nmargin-top:0px;\nmargin-bottom:0px;\n}\n<\/style>\n<div class='flex_column av-jgf3pjem-ee2a691ebc0a9a100bc99d372a9c72ca av_one_full  avia-builder-el-1  avia-builder-el-no-sibling  first flex_column_div av-animated-generic left-to-right av-zero-column-padding '     ><style type=\"text\/css\" data-created_by=\"avia_inline_auto\" id=\"style-css-av-kjwsw5by-d8fe7f39028e1d2023ba730f603453e8\">\n#top .av-special-heading.av-kjwsw5by-d8fe7f39028e1d2023ba730f603453e8{\npadding-bottom:0px;\ncolor:#ffffff;\nfont-size:4vw;\n}\nbody .av-special-heading.av-kjwsw5by-d8fe7f39028e1d2023ba730f603453e8 .av-special-heading-tag .heading-char{\nfont-size:25px;\n}\n#top #wrap_all .av-special-heading.av-kjwsw5by-d8fe7f39028e1d2023ba730f603453e8 .av-special-heading-tag{\nfont-size:4vw;\n}\n.av-special-heading.av-kjwsw5by-d8fe7f39028e1d2023ba730f603453e8 .special-heading-inner-border{\nborder-color:#ffffff;\n}\n.av-special-heading.av-kjwsw5by-d8fe7f39028e1d2023ba730f603453e8 .av-subheading{\nfont-size:25px;\n}\n<\/style>\n<div  class='av-special-heading av-kjwsw5by-d8fe7f39028e1d2023ba730f603453e8 av-special-heading-h2 custom-color-heading blockquote modern-quote modern-centered  avia-builder-el-2  avia-builder-el-no-sibling  av-inherit-size'><h2 class='av-special-heading-tag'  itemprop=\"headline\"  >Impressum<\/h2><div class=\"special-heading-border\"><div class=\"special-heading-inner-border\"><\/div><\/div><\/div><\/div>\n\n<\/div><\/div><\/main><!-- close content main element --><\/div><\/div><\/div><div id='av_section_2'  class='avia-section av-qet8u-83147d0d40d9d249d4aacaaedd222aa0 main_color avia-section-huge avia-no-border-styling  avia-builder-el-3  el_after_av_section  avia-builder-el-last  avia-bg-style-scroll container_wrap fullsize'  ><div class='container av-section-cont-open' ><div class='template-page content  av-content-full alpha units'><div class='post-entry post-entry-type-page post-entry-3454'><div class='entry-content-wrapper clearfix'>\n\n<style type=\"text\/css\" data-created_by=\"avia_inline_auto\" id=\"style-css-av-9wkhy-5a7b8f1de5feaad957d748638c881472\">\n#top .flex_column.av-9wkhy-5a7b8f1de5feaad957d748638c881472{\nmargin-top:0px;\nmargin-bottom:0px;\n}\n.flex_column.av-9wkhy-5a7b8f1de5feaad957d748638c881472{\n-webkit-border-radius:3px 3px 3px 3px;\n-moz-border-radius:3px 3px 3px 3px;\nborder-radius:3px 3px 3px 3px;\n}\n.responsive #top #wrap_all .flex_column.av-9wkhy-5a7b8f1de5feaad957d748638c881472{\nmargin-top:0px;\nmargin-bottom:0px;\n}\n<\/style>\n<div class='flex_column av-9wkhy-5a7b8f1de5feaad957d748638c881472 av_one_full  avia-builder-el-4  el_before_av_hr  avia-builder-el-first  first flex_column_div av-animated-generic left-to-right av-zero-column-padding '     ><section  class='av_textblock_section av-jgds8wgh-a3d9c6ebebb787efb886a443cb514135'  itemscope=\"itemscope\" itemtype=\"https:\/\/schema.org\/CreativeWork\" ><div class='avia_textblock'  itemprop=\"text\" ><h2>Angaben gem\u00e4\u00df \u00a7 5 TMG:<\/h2>\n<p>Nilaplan Karlsruhe GmbH<br \/>\nOttostra\u00dfe 4<br \/>\n76227 Karlsruhe<\/p>\n<h2>Vertreten durch:<\/h2>\n<p>Gesch\u00e4ftsf\u00fchrer(in)<\/p>\n<p>Marie-Luise Graf<\/p>\n<p>Jonas Krause<\/p>\n<h2>Kontakt:<\/h2>\n<p>Telefon: 0721 \/ 970 72 0<\/p>\n<p>Telefax: 0721 \/ 970 72 11<\/p>\n<p>E-Mail: info@nilaplan-ka.de<\/p>\n<h2>Registereintrag:<\/h2>\n<p>Eintragung im Handelsregister.<br \/>\nRegistergericht: Amtsgericht Mannheim<br \/>\nRegisternummer: HRB 105977<\/p>\n<h2>Umsatzsteuer-ID:<\/h2>\n<p>Umsatzsteuer-Identifikationsnummer gem\u00e4\u00df \u00a727 a Umsatzsteuergesetz:<br \/>\nDE143601162<\/p>\n<h2>Angaben zur Berufshaftpflichtversicherung:<\/h2>\n<p>Name und Sitz der Gesellschaft:<br \/>\nERGO Group AG<br \/>\nVictoriaplatz 2<br \/>\n40198 D\u00fcsseldorf<\/p>\n<p>Geltungsraum der Versicherung:<br \/>\nDeutschland<\/p>\n<h1>Haftungsausschluss (Disclaimer)<\/h1>\n<h2>Haftung f\u00fcr Inhalte<\/h2>\n<p>Als Diensteanbieter sind wir gem\u00e4\u00df \u00a7 7 Abs.1 TMG f\u00fcr eigene Inhalte auf diesen Seiten nach den allgemeinen Gesetzen verantwortlich. Nach \u00a7\u00a7 8 bis 10 TMG sind wir als Diensteanbieter jedoch nicht verpflichtet, \u00fcbermittelte oder gespeicherte fremde Informationen zu \u00fcberwachen oder nach Umst\u00e4nden zu forschen, die auf eine rechtswidrige T\u00e4tigkeit hinweisen.<\/p>\n<p>Verpflichtungen zur Entfernung oder Sperrung der Nutzung von Informationen nach den allgemeinen Gesetzen bleiben hiervon unber\u00fchrt. Eine diesbez\u00fcgliche Haftung ist jedoch erst ab dem Zeitpunkt der Kenntnis einer konkreten Rechtsverletzung m\u00f6glich. Bei Bekanntwerden von entsprechenden Rechtsverletzungen werden wir diese Inhalte umgehend entfernen.<\/p>\n<h2>Haftung f\u00fcr Links<\/h2>\n<p>Unser Angebot enth\u00e4lt Links zu externen Webseiten Dritter, auf deren Inhalte wir keinen Einfluss haben. Deshalb k\u00f6nnen wir f\u00fcr diese fremden Inhalte auch keine Gew\u00e4hr \u00fcbernehmen. F\u00fcr die Inhalte der verlinkten Seiten ist stets der jeweilige Anbieter oder Betreiber der Seiten verantwortlich. Die verlinkten Seiten wurden zum Zeitpunkt der Verlinkung auf m\u00f6gliche Rechtsverst\u00f6\u00dfe \u00fcberpr\u00fcft. Rechtswidrige Inhalte waren zum Zeitpunkt der Verlinkung nicht erkennbar.<\/p>\n<p>Eine permanente inhaltliche Kontrolle der verlinkten Seiten ist jedoch ohne konkrete Anhaltspunkte einer Rechtsverletzung nicht zumutbar. Bei Bekanntwerden von Rechtsverletzungen werden wir derartige Links umgehend entfernen.<\/p>\n<h2>Urheberrecht<\/h2>\n<p>Die durch die Seitenbetreiber erstellten Inhalte und Werke auf diesen Seiten unterliegen dem deutschen Urheberrecht. Die Vervielf\u00e4ltigung, Bearbeitung, Verbreitung und jede Art der Verwertung au\u00dferhalb der Grenzen des Urheberrechtes bed\u00fcrfen der schriftlichen Zustimmung des jeweiligen Autors bzw. Erstellers. Downloads und Kopien dieser Seite sind nur f\u00fcr den privaten, nicht kommerziellen Gebrauch gestattet.<\/p>\n<p>Soweit die Inhalte auf dieser Seite nicht vom Betreiber erstellt wurden, werden die Urheberrechte Dritter beachtet. Insbesondere werden Inhalte Dritter als solche gekennzeichnet. Sollten Sie trotzdem auf eine Urheberrechtsverletzung aufmerksam werden, bitten wir um einen entsprechenden Hinweis. Bei Bekanntwerden von Rechtsverletzungen werden wir derartige Inhalte umgehend entfernen.<\/p>\n<p><!--\n\n\n\n\n\n\n<h1>Datenschutzerkl\u00e4rung<\/h1>\n\n\n\n\n\n\n\n\n\n\n\n\n<h2>Datenschutz<\/h2>\n\n\n\n\n\n\nDie Betreiber dieser Seiten nehmen den Schutz Ihrer pers\u00f6nlichen Daten sehr ernst. Wir behandeln Ihre personenbezogenen Daten vertraulich und entsprechend der gesetzlichen Datenschutzvorschriften sowie dieser Datenschutzerkl\u00e4rung.\n\nDie Nutzung unserer Webseite ist in der Regel ohne Angabe personenbezogener Daten m\u00f6glich. Soweit auf unseren Seiten personenbezogene Daten (beispielsweise Name, Anschrift oder E-Mail-Adressen) erhoben werden, erfolgt dies, soweit m\u00f6glich, stets auf freiwilliger Basis. Diese Daten werden ohne Ihre ausdr\u00fcckliche Zustimmung nicht an Dritte weitergegeben.\n\nWir weisen darauf hin, dass die Daten\u00fcbertragung im Internet (z.B. bei der Kommunikation per E-Mail) Sicherheitsl\u00fccken aufweisen kann. Ein l\u00fcckenloser Schutz der Daten vor dem Zugriff durch Dritte ist nicht m\u00f6glich.\n\n\n\n\n\n\n<h2>Auskunft, L\u00f6schung, Sperrung<\/h2>\n\n\n\n\n\n\nSie haben jederzeit das Recht auf unentgeltliche Auskunft \u00fcber Ihre gespeicherten personenbezogenen Daten, deren Herkunft und Empf\u00e4nger und den Zweck der Datenverarbeitung sowie ein Recht auf Berichtigung, Sperrung oder L\u00f6schung dieser Daten. Hierzu sowie zu weiteren Fragen zum Thema personenbezogene Daten k\u00f6nnen Sie sich jederzeit unter der im Impressum angegebenen Adresse an uns wenden.\n\n\n\n\n\n\n<h2>Cookies<\/h2>\n\n\n\n\n\n\nDie Internetseiten verwenden teilweise so genannte Cookies. Cookies richten auf Ihrem Rechner keinen Schaden an und enthalten keine Viren. Cookies dienen dazu, unser Angebot nutzerfreundlicher, effektiver und sicherer zu machen. Cookies sind kleine Textdateien, die auf Ihrem Rechner abgelegt werden und die Ihr Browser speichert.\n\nDie meisten der von uns verwendeten Cookies sind so genannte \u201eSession-Cookies\u201c. Sie werden nach Ende Ihres Besuchs automatisch gel\u00f6scht. Andere Cookies bleiben auf Ihrem Endger\u00e4t gespeichert, bis Sie diese l\u00f6schen. Diese Cookies erm\u00f6glichen es uns, Ihren Browser beim n\u00e4chsten Besuch wiederzuerkennen.\n\nSie k\u00f6nnen Ihren Browser so einstellen, dass Sie \u00fcber das Setzen von Cookies informiert werden und Cookies nur im Einzelfall erlauben, die Annahme von Cookies f\u00fcr bestimmte F\u00e4lle oder generell ausschlie\u00dfen sowie das automatische L\u00f6schen der Cookies beim Schlie\u00dfen des Browser aktivieren. Bei der Deaktivierung von Cookies kann die Funktionalit\u00e4t dieser Website eingeschr\u00e4nkt sein.\n\n\n\n\n\n\n<h2>Server-Log-Files<\/h2>\n\n\n\n\n\n\nDer Provider der Seiten erhebt und speichert automatisch Informationen in so genannten Server-Log Files, die Ihr Browser automatisch an uns \u00fcbermittelt. Dies sind:\n\n\n\n\n\n\n<ul>\n \t\n\n\n\n\n\n<li>Browsertyp\/ Browserversion<\/li>\n\n\n\n\n\n\n \t\n\n\n\n\n\n<li>verwendetes Betriebssystem<\/li>\n\n\n\n\n\n\n \t\n\n\n\n\n\n<li>Referrer URL<\/li>\n\n\n\n\n\n\n \t\n\n\n\n\n\n<li>Hostname des zugreifenden Rechners<\/li>\n\n\n\n\n\n\n \t\n\n\n\n\n\n<li>Uhrzeit der Serveranfrage<\/li>\n\n\n\n\n\n\n<\/ul>\n\n\n\n\n\n\nDiese Daten sind nicht bestimmten Personen zuordenbar. Eine Zusammenf\u00fchrung dieser Daten mit anderen Datenquellen wird nicht vorgenommen. Wir behalten uns vor, diese Daten nachtr\u00e4glich zu pr\u00fcfen, wenn uns konkrete Anhaltspunkte f\u00fcr eine rechtswidrige Nutzung bekannt werden.\n\n--><\/p>\n<\/div><\/section><\/div>\n<style type=\"text\/css\" data-created_by=\"avia_inline_auto\" id=\"style-css-av-jgf4q5kq-518b453de73dcc5d37eea92035c06c19\">\n#top .hr.av-jgf4q5kq-518b453de73dcc5d37eea92035c06c19{\nmargin-top:80px;\nmargin-bottom:90px;\n}\n.hr.av-jgf4q5kq-518b453de73dcc5d37eea92035c06c19 .hr-inner{\nwidth:50px;\nborder-color:#d3d3d3;\nmax-width:45%;\n}\n.hr.av-jgf4q5kq-518b453de73dcc5d37eea92035c06c19 .av-seperator-icon{\ncolor:#072f4c;\n}\n<\/style>\n<div  class='hr av-jgf4q5kq-518b453de73dcc5d37eea92035c06c19 hr-custom  avia-builder-el-6  el_after_av_one_full  avia-builder-el-last  hr-center hr-icon-yes'><span class='hr-inner inner-border-av-border-thin'><span class=\"hr-inner-style\"><\/span><\/span><span class='av-seperator-icon' aria-hidden='true' data-av_icon='\uf119' data-av_iconfont='justice'><\/span><span class='hr-inner inner-border-av-border-thin'><span class=\"hr-inner-style\"><\/span><\/span><\/div>\n\n","protected":false},"excerpt":{"rendered":"","protected":false},"author":1,"featured_media":0,"parent":0,"menu_order":0,"comment_status":"open","ping_status":"open","template":"","meta":{"inline_featured_image":false,"footnotes":""},"class_list":["post-3454","page","type-page","status-publish","hentry"],"_links":{"self":[{"href":"https:\/\/nilaplan-karlsruhe.de\/index.php?rest_route=\/wp\/v2\/pages\/3454","targetHints":{"allow":["GET"]}}],"collection":[{"href":"https:\/\/nilaplan-karlsruhe.de\/index.php?rest_route=\/wp\/v2\/pages"}],"about":[{"href":"https:\/\/nilaplan-karlsruhe.de\/index.php?rest_route=\/wp\/v2\/types\/page"}],"author":[{"embeddable":true,"href":"https:\/\/nilaplan-karlsruhe.de\/index.php?rest_route=\/wp\/v2\/users\/1"}],"replies":[{"embeddable":true,"href":"https:\/\/nilaplan-karlsruhe.de\/index.php?rest_route=%2Fwp%2Fv2%2Fcomments&post=3454"}],"version-history":[{"count":8,"href":"https:\/\/nilaplan-karlsruhe.de\/index.php?rest_route=\/wp\/v2\/pages\/3454\/revisions"}],"predecessor-version":[{"id":4132,"href":"https:\/\/nilaplan-karlsruhe.de\/index.php?rest_route=\/wp\/v2\/pages\/3454\/revisions\/4132"}],"wp:attachment":[{"href":"https:\/\/nilaplan-karlsruhe.de\/index.php?rest_route=%2Fwp%2Fv2%2Fmedia&parent=3454"}],"curies":[{"name":"wp","href":"https:\/\/api.w.org\/{rel}","templated":true}]}}