{"id":814,"date":"2018-05-03T15:17:53","date_gmt":"2018-05-03T15:17:53","guid":{"rendered":"http:\/\/wpoffice\/enfold-lawyer\/?page_id=814"},"modified":"2021-07-23T08:49:19","modified_gmt":"2021-07-23T08:49:19","slug":"niederlassungsberatung-betriebswirtschaftliches-consulting-und-der-nilaplan-praxisvergleich","status":"publish","type":"page","link":"https:\/\/nilaplan-karlsruhe.de\/?page_id=814","title":{"rendered":"Niederlassungsberatung, Betriebswirtschaftliches Consulting und der Nilaplan-Praxisvergleich"},"content":{"rendered":"\n<style type=\"text\/css\" data-created_by=\"avia_inline_auto\" id=\"style-css-av-145nae-6e5e252382151ee016ca82ad5fa04de3\">\n.avia-section.av-145nae-6e5e252382151ee016ca82ad5fa04de3{\nbackground-repeat:no-repeat;\nbackground-image:url(https:\/\/nilaplan-karlsruhe.de\/wp-content\/uploads\/2018\/05\/hero-skyscraper.jpg);\nbackground-position:50% 50%;\nbackground-attachment:scroll;\n}\n.avia-section.av-145nae-6e5e252382151ee016ca82ad5fa04de3 .av-section-color-overlay{\nopacity:0.6;\nbackground-color:#084a79;\n}\n<\/style>\n<div id='av_section_1'  class='avia-section av-145nae-6e5e252382151ee016ca82ad5fa04de3 main_color avia-section-default avia-no-border-styling  avia-builder-el-0  el_before_av_one_full  avia-builder-el-first  avia-full-stretch avia-bg-style-scroll av-section-color-overlay-active av-minimum-height av-minimum-height-custom  container_wrap fullsize'  data-section-bg-repeat='stretch' data-av_minimum_height_px='230'><div class=\"av-section-color-overlay-wrap\"><div class=\"av-section-color-overlay\"><\/div><div class='container av-section-cont-open' style='height:230px'><main  role=\"main\" itemprop=\"mainContentOfPage\"  class='template-page content  av-content-full alpha units'><div class='post-entry post-entry-type-page post-entry-814'><div class='entry-content-wrapper clearfix'>\n\n<style type=\"text\/css\" data-created_by=\"avia_inline_auto\" id=\"style-css-av-jgf3pjem-ee2a691ebc0a9a100bc99d372a9c72ca\">\n#top .flex_column.av-jgf3pjem-ee2a691ebc0a9a100bc99d372a9c72ca{\nmargin-top:0px;\nmargin-bottom:0px;\n}\n.flex_column.av-jgf3pjem-ee2a691ebc0a9a100bc99d372a9c72ca{\n-webkit-border-radius:0px 0px 0px 0px;\n-moz-border-radius:0px 0px 0px 0px;\nborder-radius:0px 0px 0px 0px;\n}\n.responsive #top #wrap_all .flex_column.av-jgf3pjem-ee2a691ebc0a9a100bc99d372a9c72ca{\nmargin-top:0px;\nmargin-bottom:0px;\n}\n<\/style>\n<div class='flex_column av-jgf3pjem-ee2a691ebc0a9a100bc99d372a9c72ca av_one_full  avia-builder-el-1  avia-builder-el-no-sibling  first flex_column_div av-animated-generic left-to-right av-zero-column-padding '     ><style type=\"text\/css\" data-created_by=\"avia_inline_auto\" id=\"style-css-av-krerkdlp-cb732c9d3ac47cff042ca7c08d9f3daf\">\n#top .av-special-heading.av-krerkdlp-cb732c9d3ac47cff042ca7c08d9f3daf{\npadding-bottom:0px;\ncolor:#ffffff;\nfont-size:3vw;\n}\nbody .av-special-heading.av-krerkdlp-cb732c9d3ac47cff042ca7c08d9f3daf .av-special-heading-tag .heading-char{\nfont-size:25px;\n}\n#top #wrap_all .av-special-heading.av-krerkdlp-cb732c9d3ac47cff042ca7c08d9f3daf .av-special-heading-tag{\nfont-size:3vw;\n}\n.av-special-heading.av-krerkdlp-cb732c9d3ac47cff042ca7c08d9f3daf .special-heading-inner-border{\nborder-color:#ffffff;\n}\n.av-special-heading.av-krerkdlp-cb732c9d3ac47cff042ca7c08d9f3daf .av-subheading{\nfont-size:25px;\n}\n\n@media only screen and (min-width: 768px) and (max-width: 989px){ \n#top #wrap_all .av-special-heading.av-krerkdlp-cb732c9d3ac47cff042ca7c08d9f3daf .av-special-heading-tag{\nfont-size:30px;\n}\n}\n\n@media only screen and (min-width: 480px) and (max-width: 767px){ \n#top #wrap_all .av-special-heading.av-krerkdlp-cb732c9d3ac47cff042ca7c08d9f3daf .av-special-heading-tag{\nfont-size:30px;\n}\n}\n\n@media only screen and (max-width: 479px){ \n#top #wrap_all .av-special-heading.av-krerkdlp-cb732c9d3ac47cff042ca7c08d9f3daf .av-special-heading-tag{\nfont-size:30px;\n}\n}\n<\/style>\n<div  class='av-special-heading av-krerkdlp-cb732c9d3ac47cff042ca7c08d9f3daf av-special-heading-h2 custom-color-heading blockquote modern-quote modern-centered  avia-builder-el-2  avia-builder-el-no-sibling  av-inherit-size'><h2 class='av-special-heading-tag'  itemprop=\"headline\"  >Niederlassungsberatung, Betriebswirtschaftliches Consulting und der Nilaplan-Praxisvergleich<\/h2><div class=\"special-heading-border\"><div class=\"special-heading-inner-border\"><\/div><\/div><\/div><\/div>\n<\/div><\/div><\/main><!-- close content main element --><\/div><\/div><\/div><div id='after_section_1'  class='main_color av_default_container_wrap container_wrap fullsize'  ><div class='container av-section-cont-open' ><div class='template-page content  av-content-full alpha units'><div class='post-entry post-entry-type-page post-entry-814'><div class='entry-content-wrapper clearfix'>\n\n<style type=\"text\/css\" data-created_by=\"avia_inline_auto\" id=\"style-css-av-k57vq-ae20650e67f2b88b73583cca08bd748c\">\n.flex_column.av-k57vq-ae20650e67f2b88b73583cca08bd748c{\n-webkit-border-radius:0px 0px 0px 0px;\n-moz-border-radius:0px 0px 0px 0px;\nborder-radius:0px 0px 0px 0px;\n}\n<\/style>\n<div class='flex_column av-k57vq-ae20650e67f2b88b73583cca08bd748c av_one_full  avia-builder-el-3  el_after_av_section  el_before_av_layout_row  avia-builder-el-no-sibling  first flex_column_div av-zero-column-padding '     ><\/div>\n<\/div><\/div><\/div><!-- close content main div --><\/div><\/div><div id='niederlassung' aria-label='Die Planung Ihrer Niederlassung' class='av-layout-grid-container av-81u0ml-e7e7f5f803dfae4774288d750a638d32 entry-content-wrapper main_color av-flex-cells  avia-builder-el-4  el_after_av_one_full  el_before_av_one_full  grid-row-not-first  container_wrap fullsize'  >\n\n<style type=\"text\/css\" data-created_by=\"avia_inline_auto\" id=\"style-css-av-skimt-161f8636cf2e7d7f9dde379d4b0e802b\">\n.flex_cell.av-skimt-161f8636cf2e7d7f9dde379d4b0e802b{\nvertical-align:middle;\npadding:180px 60px 180px 60px;\nbackground:url(https:\/\/nilaplan-karlsruhe.de\/wp-content\/uploads\/2015\/02\/offic2.jpg) 50% 0% no-repeat scroll ;\n}\n<\/style>\n<div class='flex_cell av-skimt-161f8636cf2e7d7f9dde379d4b0e802b av-gridrow-cell av_one_third no_margin  avia-builder-el-5  el_before_av_cell_two_third  avia-builder-el-first  avia-full-stretch' ><div class='flex_cell_inner'><\/div><\/div>\n<style type=\"text\/css\" data-created_by=\"avia_inline_auto\" id=\"style-css-av-7pnuph-77decd30caa973e922ded4c3b7381b25\">\n.flex_cell.av-7pnuph-77decd30caa973e922ded4c3b7381b25{\nvertical-align:middle;\npadding:60px 60px 60px 60px;\n}\n<\/style>\n<div class='flex_cell av-7pnuph-77decd30caa973e922ded4c3b7381b25 av-gridrow-cell av_two_third no_margin  avia-builder-el-6  el_after_av_cell_one_third  avia-builder-el-last ' ><div class='flex_cell_inner'><p>\n<style type=\"text\/css\" data-created_by=\"avia_inline_auto\" id=\"style-css-av-bc1o6-92a57d8e65ff30769a5c95e77337828a\">\n#top .av-special-heading.av-bc1o6-92a57d8e65ff30769a5c95e77337828a{\npadding-bottom:10px;\nfont-size:30px;\n}\nbody .av-special-heading.av-bc1o6-92a57d8e65ff30769a5c95e77337828a .av-special-heading-tag .heading-char{\nfont-size:25px;\n}\n#top #wrap_all .av-special-heading.av-bc1o6-92a57d8e65ff30769a5c95e77337828a .av-special-heading-tag{\nfont-size:30px;\n}\n.av-special-heading.av-bc1o6-92a57d8e65ff30769a5c95e77337828a .av-subheading{\nfont-size:15px;\n}\n<\/style>\n<div  class='av-special-heading av-bc1o6-92a57d8e65ff30769a5c95e77337828a av-special-heading-h3 blockquote modern-quote  avia-builder-el-7  el_before_av_textblock  avia-builder-el-first  av-inherit-size'><h3 class='av-special-heading-tag'  itemprop=\"headline\"  >Die Planung Ihrer Niederlassung<\/h3><div class=\"special-heading-border\"><div class=\"special-heading-inner-border\"><\/div><\/div><\/div><br \/>\n<section  class='av_textblock_section av-898bth-e93f3ed548e7817814393bf424d84a86'  itemscope=\"itemscope\" itemtype=\"https:\/\/schema.org\/CreativeWork\" ><div class='avia_textblock'  itemprop=\"text\" ><p>Mit unserem Niederlassungsplanungs-Programm sprechen wir alle niederlassungswilligen und praxis\u00fcbernehmenden \u00c4rztinnen und \u00c4rzte an. Gemeinsam mit Ihnen planen wir das zuk\u00fcnftige Unternehmen &#8222;Arztpraxis&#8220; und k\u00f6nnen eine Prognose \u00fcber die wirtschaftliche Tragf\u00e4higkeit und Entwicklung Ihrer zuk\u00fcnftigen Praxis erstellen.<\/p>\n<p>Das Planungsprogramm bietet Ihnen folgende Informationen:<\/p>\n<\/div><\/section><br \/>\n<section  class='av_textblock_section av-898bth-e93f3ed548e7817814393bf424d84a86'  itemscope=\"itemscope\" itemtype=\"https:\/\/schema.org\/CreativeWork\" ><div class='avia_textblock'  itemprop=\"text\" ><ol>\n<li>Detailierte Darstellung aller Praxiseinnahmen<\/li>\n<li>Investitions- und Finanzplan f\u00fcr die Praxis mit Ermittlung des erforderlichen Kontokorrentkredits<\/li>\n<li>Vollst\u00e4ndige Erfassung der Personalkosten inkl. Arbeitgeber-Anteil<\/li>\n<li>Alle sonstigen Praxisausgaben- von den Raumkosten bis zu den Kosten f\u00fcr die Anzeige unter Ber\u00fccksichtigung fachrichtungsspezifischer Schl\u00fcsselzahlen<\/li>\n<li>Ermittlung des Praxisgewinns<\/li>\n<li>Darstellung der privaten Einnahmen und Ausgaben<\/li>\n<li>Zusammenfassung der Planungsergebnisse f\u00fcr die ersten drei Jahre<\/li>\n<li>Monatseinzel\u00fcbersicht f\u00fcr die ersten 24 Monate<\/li>\n<li>12-Jahres\u00fcbersicht mit Entwicklung des Praxisergebnisses und der Liquidit\u00e4t<\/li>\n<\/ol>\n<\/div><\/section><br \/>\n<section  class='av_textblock_section av-jgrx3l5f-8dc946ad3ec5f1cdec7350b4d526ae93'  itemscope=\"itemscope\" itemtype=\"https:\/\/schema.org\/CreativeWork\" ><div class='avia_textblock'  itemprop=\"text\" ><blockquote>\n<p>Diese Plandaten flie\u00dfen in die laufende Finanzbuchhaltung ein, so dass Sie vom ersten Tag der Praxist\u00e4tigkeit an einen \u00dcberblick dar\u00fcber haben, ob Sie sich noch im geplanten Bereich befinden.<\/p>\n<\/blockquote>\n<\/div><\/section><\/p>\n<\/div><\/div>\n<\/div><div id='after_grid_row_1'  class='main_color av_default_container_wrap container_wrap fullsize'  ><div class='container av-section-cont-open' ><div class='template-page content  av-content-full alpha units'><div class='post-entry post-entry-type-page post-entry-814'><div class='entry-content-wrapper clearfix'>\n\n<style type=\"text\/css\" data-created_by=\"avia_inline_auto\" id=\"style-css-av-f3izi-6189459916b671334456f91b4c13797a\">\n.flex_column.av-f3izi-6189459916b671334456f91b4c13797a{\n-webkit-border-radius:0px 0px 0px 0px;\n-moz-border-radius:0px 0px 0px 0px;\nborder-radius:0px 0px 0px 0px;\n}\n<\/style>\n<div class='flex_column av-f3izi-6189459916b671334456f91b4c13797a av_one_full  avia-builder-el-11  el_after_av_layout_row  el_before_av_layout_row  avia-builder-el-no-sibling  first flex_column_div av-zero-column-padding '     ><style type=\"text\/css\" data-created_by=\"avia_inline_auto\" id=\"style-css-av-jgf4q5kq-0f424b8341b74b526c72b377799e17b3\">\n#top .hr.av-jgf4q5kq-0f424b8341b74b526c72b377799e17b3{\nmargin-top:50px;\nmargin-bottom:65px;\n}\n.hr.av-jgf4q5kq-0f424b8341b74b526c72b377799e17b3 .hr-inner{\nwidth:50px;\nborder-color:#d3d3d3;\nmax-width:45%;\n}\n.hr.av-jgf4q5kq-0f424b8341b74b526c72b377799e17b3 .av-seperator-icon{\ncolor:#072f4c;\n}\n<\/style>\n<div  class='hr av-jgf4q5kq-0f424b8341b74b526c72b377799e17b3 hr-custom  avia-builder-el-12  avia-builder-el-no-sibling  hr-center hr-icon-yes'><span class='hr-inner inner-border-av-border-thin'><span class=\"hr-inner-style\"><\/span><\/span><span class='av-seperator-icon' aria-hidden='true' data-av_icon='\uf119' data-av_iconfont='justice'><\/span><span class='hr-inner inner-border-av-border-thin'><span class=\"hr-inner-style\"><\/span><\/span><\/div><\/div>\n<\/div><\/div><\/div><!-- close content main div --><\/div><\/div><div id='consulting' aria-label='Betriebswirtschaftliche Beratung' class='av-layout-grid-container av-81u0ml-7ed86f9034ce4527cb34be00d010b86d entry-content-wrapper main_color av-flex-cells  avia-builder-el-13  el_after_av_one_full  el_before_av_one_full  grid-row-not-first  container_wrap fullsize'  >\n\n<style type=\"text\/css\" data-created_by=\"avia_inline_auto\" id=\"style-css-av-skimt-369dfeea336a0000b7811d4826e01daf\">\n.flex_cell.av-skimt-369dfeea336a0000b7811d4826e01daf{\nvertical-align:middle;\npadding:180px 60px 180px 60px;\nbackground:url(https:\/\/nilaplan-karlsruhe.de\/wp-content\/uploads\/2016\/12\/shutterstock_397576426.jpg) 50% 0% no-repeat scroll ;\n}\n<\/style>\n<div class='flex_cell av-skimt-369dfeea336a0000b7811d4826e01daf av-gridrow-cell av_one_third no_margin  avia-builder-el-14  el_before_av_cell_two_third  avia-builder-el-first  avia-full-stretch' ><div class='flex_cell_inner'><\/div><\/div>\n<style type=\"text\/css\" data-created_by=\"avia_inline_auto\" id=\"style-css-av-7pnuph-77decd30caa973e922ded4c3b7381b25\">\n.flex_cell.av-7pnuph-77decd30caa973e922ded4c3b7381b25{\nvertical-align:middle;\npadding:60px 60px 60px 60px;\n}\n<\/style>\n<div class='flex_cell av-7pnuph-77decd30caa973e922ded4c3b7381b25 av-gridrow-cell av_two_third no_margin  avia-builder-el-15  el_after_av_cell_one_third  avia-builder-el-last ' ><div class='flex_cell_inner'><p>\n<style type=\"text\/css\" data-created_by=\"avia_inline_auto\" id=\"style-css-av-av_heading-eee8b9d1d532040544e44abea68e906a\">\n#top .av-special-heading.av-av_heading-eee8b9d1d532040544e44abea68e906a{\npadding-bottom:10px;\nfont-size:30px;\n}\nbody .av-special-heading.av-av_heading-eee8b9d1d532040544e44abea68e906a .av-special-heading-tag .heading-char{\nfont-size:25px;\n}\n#top #wrap_all .av-special-heading.av-av_heading-eee8b9d1d532040544e44abea68e906a .av-special-heading-tag{\nfont-size:30px;\n}\n.av-special-heading.av-av_heading-eee8b9d1d532040544e44abea68e906a .av-subheading{\nfont-size:15px;\n}\n<\/style>\n<div  class='av-special-heading av-av_heading-eee8b9d1d532040544e44abea68e906a av-special-heading-h3 blockquote modern-quote  avia-builder-el-16  el_before_av_textblock  avia-builder-el-first  av-inherit-size'><h3 class='av-special-heading-tag'  itemprop=\"headline\"  >Betriebswirtschaftliche Beratung<\/h3><div class=\"special-heading-border\"><div class=\"special-heading-inner-border\"><\/div><\/div><\/div><br \/>\n<section  class='av_textblock_section av-898bth-e93f3ed548e7817814393bf424d84a86'  itemscope=\"itemscope\" itemtype=\"https:\/\/schema.org\/CreativeWork\" ><div class='avia_textblock'  itemprop=\"text\" ><p>Stethoskop in der linken Hand, Taschenrechner in der rechten \u2013 welcher Arzt will so praktizieren? Doch jeder wei\u00df, dass betriebswirtschaftliche Praxisf\u00fchrung den wirtschaftlichen Erfolg vergr\u00f6\u00dfert. Konkret sieht es doch oft so aus: Steigenden Kosten stehen sinkende bzw. stagnierende Einnahmen gegen\u00fcber. Damit ist die st\u00e4ndige finanzielle Unterdeckung vorprogrammiert, da die Praxis von ihrer Substanz, dem erwirtschafteten Gewinn, lebt.<\/p>\n<\/div><\/section><br \/>\n<section  class='av_textblock_section av-898bth-e93f3ed548e7817814393bf424d84a86'  itemscope=\"itemscope\" itemtype=\"https:\/\/schema.org\/CreativeWork\" ><div class='avia_textblock'  itemprop=\"text\" ><ul>\n<li>Beratung zur Finanzbuchhaltung<\/li>\n<li>Analyse Ihrer Praxis<\/li>\n<li>Analyse Ihrer KV-Abrechnung<\/li>\n<li>Analyse Ihres Verm\u00f6gens<\/li>\n<li>Qualit\u00e4tsmanagement und Praxisorganisation<\/li>\n<li>Einzelpraxis und\/oder Kooperation<\/li>\n<li>IGeL auch in Ihrer Praxis!?<\/li>\n<\/ul>\n<\/div><\/section><br \/>\n<section  class='av_textblock_section av-jgrx3l5f-8dc946ad3ec5f1cdec7350b4d526ae93'  itemscope=\"itemscope\" itemtype=\"https:\/\/schema.org\/CreativeWork\" ><div class='avia_textblock'  itemprop=\"text\" ><blockquote>\n<p>Bevor diese Situation eintritt sollten Sie handeln!<\/p>\n<\/blockquote>\n<\/div><\/section><\/p>\n<\/div><\/div><\/div><div id='after_grid_row_2'  class='main_color av_default_container_wrap container_wrap fullsize'  ><div class='container av-section-cont-open' ><div class='template-page content  av-content-full alpha units'><div class='post-entry post-entry-type-page post-entry-814'><div class='entry-content-wrapper clearfix'>\n<style type=\"text\/css\" data-created_by=\"avia_inline_auto\" id=\"style-css-av-bl8ou-21f27599e756f4ce42315d1818ece5cf\">\n.flex_column.av-bl8ou-21f27599e756f4ce42315d1818ece5cf{\n-webkit-border-radius:0px 0px 0px 0px;\n-moz-border-radius:0px 0px 0px 0px;\nborder-radius:0px 0px 0px 0px;\n}\n<\/style>\n<div class='flex_column av-bl8ou-21f27599e756f4ce42315d1818ece5cf av_one_full  avia-builder-el-20  el_after_av_layout_row  el_before_av_layout_row  avia-builder-el-no-sibling  first flex_column_div av-zero-column-padding '     ><style type=\"text\/css\" data-created_by=\"avia_inline_auto\" id=\"style-css-av-jgf4q5kq-0f424b8341b74b526c72b377799e17b3\">\n#top .hr.av-jgf4q5kq-0f424b8341b74b526c72b377799e17b3{\nmargin-top:50px;\nmargin-bottom:65px;\n}\n.hr.av-jgf4q5kq-0f424b8341b74b526c72b377799e17b3 .hr-inner{\nwidth:50px;\nborder-color:#d3d3d3;\nmax-width:45%;\n}\n.hr.av-jgf4q5kq-0f424b8341b74b526c72b377799e17b3 .av-seperator-icon{\ncolor:#072f4c;\n}\n<\/style>\n<div  class='hr av-jgf4q5kq-0f424b8341b74b526c72b377799e17b3 hr-custom  avia-builder-el-21  avia-builder-el-no-sibling  hr-center hr-icon-yes'><span class='hr-inner inner-border-av-border-thin'><span class=\"hr-inner-style\"><\/span><\/span><span class='av-seperator-icon' aria-hidden='true' data-av_icon='\uf119' data-av_iconfont='justice'><\/span><span class='hr-inner inner-border-av-border-thin'><span class=\"hr-inner-style\"><\/span><\/span><\/div><\/div><\/p>\n<\/div><\/div><\/div><!-- close content main div --><\/div><\/div><div id='praxisvergleich' aria-label='Nilaplan-Praxisvergleich' class='av-layout-grid-container av-81u0ml-c8bcab08ec13f29f545986483bf20c3d entry-content-wrapper main_color av-flex-cells  avia-builder-el-22  el_after_av_one_full  el_before_av_one_full  grid-row-not-first  container_wrap fullsize'  >\n\n<style type=\"text\/css\" data-created_by=\"avia_inline_auto\" id=\"style-css-av-skimt-cf6c4f2c6bfa0dd3734b797dca533e28\">\n.flex_cell.av-skimt-cf6c4f2c6bfa0dd3734b797dca533e28{\nvertical-align:middle;\npadding:180px 60px 180px 60px;\nbackground:url(https:\/\/nilaplan-karlsruhe.de\/wp-content\/uploads\/2018\/05\/services1.jpg) 50% 0% no-repeat scroll ;\n}\n<\/style>\n<div class='flex_cell av-skimt-cf6c4f2c6bfa0dd3734b797dca533e28 av-gridrow-cell av_one_third no_margin  avia-builder-el-23  el_before_av_cell_two_third  avia-builder-el-first  avia-full-stretch' ><div class='flex_cell_inner'><\/div><\/div>\n<style type=\"text\/css\" data-created_by=\"avia_inline_auto\" id=\"style-css-av-7pnuph-77decd30caa973e922ded4c3b7381b25\">\n.flex_cell.av-7pnuph-77decd30caa973e922ded4c3b7381b25{\nvertical-align:middle;\npadding:60px 60px 60px 60px;\n}\n<\/style>\n<div class='flex_cell av-7pnuph-77decd30caa973e922ded4c3b7381b25 av-gridrow-cell av_two_third no_margin  avia-builder-el-24  el_after_av_cell_one_third  avia-builder-el-last ' ><div class='flex_cell_inner'><p>\n<style type=\"text\/css\" data-created_by=\"avia_inline_auto\" id=\"style-css-av-krerjibg-f65e78f639824fe7955ea98f8fc6ee42\">\n#top .av-special-heading.av-krerjibg-f65e78f639824fe7955ea98f8fc6ee42{\npadding-bottom:10px;\nfont-size:30px;\n}\nbody .av-special-heading.av-krerjibg-f65e78f639824fe7955ea98f8fc6ee42 .av-special-heading-tag .heading-char{\nfont-size:25px;\n}\n#top #wrap_all .av-special-heading.av-krerjibg-f65e78f639824fe7955ea98f8fc6ee42 .av-special-heading-tag{\nfont-size:30px;\n}\n.av-special-heading.av-krerjibg-f65e78f639824fe7955ea98f8fc6ee42 .av-subheading{\nfont-size:15px;\n}\n<\/style>\n<div  class='av-special-heading av-krerjibg-f65e78f639824fe7955ea98f8fc6ee42 av-special-heading-h3 blockquote modern-quote  avia-builder-el-25  el_before_av_textblock  avia-builder-el-first  av-inherit-size'><h3 class='av-special-heading-tag'  itemprop=\"headline\"  >Nilaplan-Praxisvergleich<\/h3><div class=\"special-heading-border\"><div class=\"special-heading-inner-border\"><\/div><\/div><\/div><br \/>\n<section  class='av_textblock_section av-898bth-e93f3ed548e7817814393bf424d84a86'  itemscope=\"itemscope\" itemtype=\"https:\/\/schema.org\/CreativeWork\" ><div class='avia_textblock'  itemprop=\"text\" ><p>Ein Beispiel aus der Praxis: Aus Ihrer Buchhaltung entnehmen Sie, dass sich die Personalkostenquote Ihrer Praxis auf 27% bel\u00e4uft. Ist dieser Prozentanteil zu hoch oder ist er angemessen? Gut, wenn Sie zur Beantwortung dieser Frage auf Vergleichszahlen Ihrer Fachgruppe zur\u00fcckgreifen k\u00f6nnen. Diese Vergleichszahlen liegen uns aktuell f\u00fcr die wichtigsten Fachgruppen vor \u2013 und zwar getrennt nach alten und neuen Bundesl\u00e4ndern.<\/p>\n<\/div><\/section><br \/>\n<section  class='av_textblock_section av-jgrx3l5f-8dc946ad3ec5f1cdec7350b4d526ae93'  itemscope=\"itemscope\" itemtype=\"https:\/\/schema.org\/CreativeWork\" ><div class='avia_textblock'  itemprop=\"text\" ><blockquote>\n<p>Der Vorteil f\u00fcr Sie:<\/p>\n<\/blockquote>\n<\/div><\/section><br \/>\n<section  class='av_textblock_section av-898bth-e93f3ed548e7817814393bf424d84a86'  itemscope=\"itemscope\" itemtype=\"https:\/\/schema.org\/CreativeWork\" ><div class='avia_textblock'  itemprop=\"text\" ><ul>\n<li>Sie schauen \u00fcber den Tellerrand Ihres Unternehmens hinaus und erkennen die St\u00e4rken und Schw\u00e4chen Ihrer Praxis.<\/li>\n<li>Sie wissen schnell, ob Sie im Trend liegen oder nicht.<\/li>\n<li>Sie erhalten f\u00fcr einzelne Einnahmen und Ausgaben eine objektive Orientierung<\/li>\n<\/ul>\n<\/div><\/section><br \/>\n<section  class='av_textblock_section av-jgrx3l5f-8dc946ad3ec5f1cdec7350b4d526ae93'  itemscope=\"itemscope\" itemtype=\"https:\/\/schema.org\/CreativeWork\" ><div class='avia_textblock'  itemprop=\"text\" ><blockquote>\n<p>Und so gehen Sie vor:<\/p>\n<\/blockquote>\n<\/div><\/section><br \/>\n<section  class='av_textblock_section av-898bth-e93f3ed548e7817814393bf424d84a86'  itemscope=\"itemscope\" itemtype=\"https:\/\/schema.org\/CreativeWork\" ><div class='avia_textblock'  itemprop=\"text\" ><ul>\n<li>Sie \u00fcbertragen aus Ihrer BWA per 31.12. die Zahlen Ihrer Praxis in die angegebenen Felder, geben uns weiterhin Ihren Namen und Ihre Adresse an und senden uns dann diese Daten zu.<\/li>\n<li>Auf dem Postweg erhalten Sie kostenlos von uns eine Kurzanalyse, aus denen Sie die St\u00e4rken und Schw\u00e4chen Ihrer Praxis erkennen k\u00f6nnen. Sollten weitergehende Analysen erforderlich sein, dann setzen Sie sich einfach mit uns in Verbindung.<\/li>\n<li>Selbstverst\u00e4ndlich erfolgt die Verarbeitung Ihrer Daten streng vertraulich!<\/li>\n<\/ul>\n<\/div><\/section><\/p>\n<\/div><\/div>\n<\/div><div id='after_grid_row_3'  class='main_color av_default_container_wrap container_wrap fullsize'  ><div class='container av-section-cont-open' ><div class='template-page content  av-content-full alpha units'><div class='post-entry post-entry-type-page post-entry-814'><div class='entry-content-wrapper clearfix'>\n\n<style type=\"text\/css\" data-created_by=\"avia_inline_auto\" id=\"style-css-av-k57vq-ae20650e67f2b88b73583cca08bd748c\">\n.flex_column.av-k57vq-ae20650e67f2b88b73583cca08bd748c{\n-webkit-border-radius:0px 0px 0px 0px;\n-moz-border-radius:0px 0px 0px 0px;\nborder-radius:0px 0px 0px 0px;\n}\n<\/style>\n<div class='flex_column av-k57vq-ae20650e67f2b88b73583cca08bd748c av_one_full  avia-builder-el-31  el_after_av_layout_row  avia-builder-el-no-sibling  first flex_column_div av-zero-column-padding '     ><\/div>\n","protected":false},"excerpt":{"rendered":"","protected":false},"author":1,"featured_media":0,"parent":0,"menu_order":0,"comment_status":"closed","ping_status":"closed","template":"","meta":{"inline_featured_image":false,"footnotes":""},"class_list":["post-814","page","type-page","status-publish","hentry"],"_links":{"self":[{"href":"https:\/\/nilaplan-karlsruhe.de\/index.php?rest_route=\/wp\/v2\/pages\/814","targetHints":{"allow":["GET"]}}],"collection":[{"href":"https:\/\/nilaplan-karlsruhe.de\/index.php?rest_route=\/wp\/v2\/pages"}],"about":[{"href":"https:\/\/nilaplan-karlsruhe.de\/index.php?rest_route=\/wp\/v2\/types\/page"}],"author":[{"embeddable":true,"href":"https:\/\/nilaplan-karlsruhe.de\/index.php?rest_route=\/wp\/v2\/users\/1"}],"replies":[{"embeddable":true,"href":"https:\/\/nilaplan-karlsruhe.de\/index.php?rest_route=%2Fwp%2Fv2%2Fcomments&post=814"}],"version-history":[{"count":29,"href":"https:\/\/nilaplan-karlsruhe.de\/index.php?rest_route=\/wp\/v2\/pages\/814\/revisions"}],"predecessor-version":[{"id":4084,"href":"https:\/\/nilaplan-karlsruhe.de\/index.php?rest_route=\/wp\/v2\/pages\/814\/revisions\/4084"}],"wp:attachment":[{"href":"https:\/\/nilaplan-karlsruhe.de\/index.php?rest_route=%2Fwp%2Fv2%2Fmedia&parent=814"}],"curies":[{"name":"wp","href":"https:\/\/api.w.org\/{rel}","templated":true}]}}